{"id":300,"date":"2023-05-03T07:34:24","date_gmt":"2023-05-03T11:34:24","guid":{"rendered":"https:\/\/spiritsofchile.cl\/spofch\/?post_type=product&#038;p=300"},"modified":"2023-06-14T07:01:34","modified_gmt":"2023-06-14T11:01:34","slug":"copon-bendita-salvaje","status":"publish","type":"product","link":"https:\/\/spiritsofchile.cl\/spofch\/producto\/copon-bendita-salvaje\/","title":{"rendered":"Copa Bendita Salvaje"},"content":{"rendered":"<p>La copa conocida como \u201c<strong>Copa Bal\u00f3n<\/strong>\u201d es perfecta para vivir una experiencia \u00fanica al disfrutar nuestro <span style=\"color: #99cc00;\">Gin Bendita Salvaje<\/span>, en sus distintas preparaciones, acompa\u00f1ado de maravillosos bot\u00e1nicos que le dar\u00e1n estilo y elegancia a t\u00fa coctel.<\/p>\n","protected":false},"excerpt":{"rendered":"<p>La copa conocida como \u201cCopa Bal\u00f3n\u201d es perfecta para vivir una experiencia \u00fanica al disfrutar nuestro Gin Bendita Salvaje, en sus distintas preparaciones, acompa\u00f1ado de maravillosos bot\u00e1nicos que le dar\u00e1n estilo y elegancia a t\u00fa coctel.<\/p>\n","protected":false},"featured_media":301,"template":"","meta":{"_joinchat":[]},"product_brand":[],"product_cat":[42],"product_tag":[],"class_list":{"0":"post-300","1":"product","2":"type-product","3":"status-publish","4":"has-post-thumbnail","6":"product_cat-sin-categorizar","8":"first","9":"instock","10":"taxable","11":"shipping-taxable","12":"purchasable","13":"product-type-simple"},"_links":{"self":[{"href":"https:\/\/spiritsofchile.cl\/spofch\/wp-json\/wp\/v2\/product\/300","targetHints":{"allow":["GET"]}}],"collection":[{"href":"https:\/\/spiritsofchile.cl\/spofch\/wp-json\/wp\/v2\/product"}],"about":[{"href":"https:\/\/spiritsofchile.cl\/spofch\/wp-json\/wp\/v2\/types\/product"}],"wp:featuredmedia":[{"embeddable":true,"href":"https:\/\/spiritsofchile.cl\/spofch\/wp-json\/wp\/v2\/media\/301"}],"wp:attachment":[{"href":"https:\/\/spiritsofchile.cl\/spofch\/wp-json\/wp\/v2\/media?parent=300"}],"wp:term":[{"taxonomy":"product_brand","embeddable":true,"href":"https:\/\/spiritsofchile.cl\/spofch\/wp-json\/wp\/v2\/product_brand?post=300"},{"taxonomy":"product_cat","embeddable":true,"href":"https:\/\/spiritsofchile.cl\/spofch\/wp-json\/wp\/v2\/product_cat?post=300"},{"taxonomy":"product_tag","embeddable":true,"href":"https:\/\/spiritsofchile.cl\/spofch\/wp-json\/wp\/v2\/product_tag?post=300"}],"curies":[{"name":"wp","href":"https:\/\/api.w.org\/{rel}","templated":true}]}}