{"id":512,"date":"2023-05-12T12:53:27","date_gmt":"2023-05-12T16:53:27","guid":{"rendered":"https:\/\/spiritsofchile.cl\/spofch\/?post_type=product&#038;p=512"},"modified":"2024-11-02T19:37:57","modified_gmt":"2024-11-02T23:37:57","slug":"bendita-salvage-minorista","status":"publish","type":"product","link":"https:\/\/spiritsofchile.cl\/spofch\/producto\/bendita-salvage-minorista\/","title":{"rendered":"Gin Bendita Salvaje"},"content":{"rendered":"","protected":false},"excerpt":{"rendered":"<p><img loading=\"lazy\" decoding=\"async\" class=\"alignnone size-full wp-image-651\" src=\"https:\/\/spiritsofchile.cl\/spofch\/wp-content\/uploads\/2023\/05\/logo-bendita-1.png\" alt=\"\" width=\"269\" height=\"124\" \/><\/p>\n<p>&nbsp;<\/p>\n<p><span style=\"color: #808080;\"><b>COMPONENTES<\/b><\/span><\/p>\n<p>Este GIN est\u00e1 hecho de un destilado neutro de granos, infusionado con bayas de enebro y otros ingredientes bot\u00e1nicos.<\/p>\n<p><span style=\"color: #808080;\"><b>PROCESO DE DESTILACI\u00d3N<\/b><\/span><\/p>\n<p>Para obtener el alcohol neutro necesario para la elaboraci\u00f3n del gin, hay que llevar a cabo previamente dos pasos. En primer lugar tener los cereales como materia prima rica en az\u00facares; en segundo lugar, utilizar levaduras que permiten descomponer de forma natural los az\u00facares en alcohol.<\/p>\n<p><span style=\"color: #808080;\"><b>MACERACI\u00d3N<\/b><\/span><\/p>\n<p>Este GIN es el resultado de la maceraci\u00f3n con bayas de enebro, c\u00e1scaras de lim\u00f3n que da su aporte c\u00edtrico y frutal y de los p\u00e9talos de flores principalmente de rosas que aportan su sofisticado e inigualable aroma.<\/p>\n","protected":false},"featured_media":630,"template":"","meta":{"_joinchat":{"view":"yes"}},"product_brand":[],"product_cat":[51,49],"product_tag":[],"class_list":{"0":"post-512","1":"product","2":"type-product","3":"status-publish","4":"has-post-thumbnail","6":"product_cat-gin","7":"product_cat-minorista","9":"first","10":"instock","11":"featured","12":"taxable","13":"shipping-taxable","14":"purchasable","15":"product-type-simple"},"_links":{"self":[{"href":"https:\/\/spiritsofchile.cl\/spofch\/wp-json\/wp\/v2\/product\/512","targetHints":{"allow":["GET"]}}],"collection":[{"href":"https:\/\/spiritsofchile.cl\/spofch\/wp-json\/wp\/v2\/product"}],"about":[{"href":"https:\/\/spiritsofchile.cl\/spofch\/wp-json\/wp\/v2\/types\/product"}],"wp:featuredmedia":[{"embeddable":true,"href":"https:\/\/spiritsofchile.cl\/spofch\/wp-json\/wp\/v2\/media\/630"}],"wp:attachment":[{"href":"https:\/\/spiritsofchile.cl\/spofch\/wp-json\/wp\/v2\/media?parent=512"}],"wp:term":[{"taxonomy":"product_brand","embeddable":true,"href":"https:\/\/spiritsofchile.cl\/spofch\/wp-json\/wp\/v2\/product_brand?post=512"},{"taxonomy":"product_cat","embeddable":true,"href":"https:\/\/spiritsofchile.cl\/spofch\/wp-json\/wp\/v2\/product_cat?post=512"},{"taxonomy":"product_tag","embeddable":true,"href":"https:\/\/spiritsofchile.cl\/spofch\/wp-json\/wp\/v2\/product_tag?post=512"}],"curies":[{"name":"wp","href":"https:\/\/api.w.org\/{rel}","templated":true}]}}