{"id":632,"date":"2023-05-23T10:29:30","date_gmt":"2023-05-23T14:29:30","guid":{"rendered":"https:\/\/spiritsofchile.cl\/spofch\/?post_type=product&#038;p=632"},"modified":"2023-05-24T15:21:06","modified_gmt":"2023-05-24T19:21:06","slug":"licor-hierbas-matalobos","status":"publish","type":"product","link":"https:\/\/spiritsofchile.cl\/spofch\/producto\/licor-hierbas-matalobos\/","title":{"rendered":"Licor de Hierbas Matalobos"},"content":{"rendered":"<p><b>ELABORACI\u00d3N<\/b><\/p>\n<p>El proceso de elaboraci\u00f3n de esta poci\u00f3n matalobos es en extremo compleja y su receta contiene m\u00e1s de 30 bot\u00e1nicos.<\/p>\n<p><b>MACERACI\u00d3N<\/b><\/p>\n<p>Se realizaron maceraciones en alcohol de cereal por separado y se formaron 6 acordes con un promedio de 5 notas cada uno.<\/p>\n<p>Los acordes son grupos de bot\u00e1nicos con perfiles similares.<\/p>\n<p>Acordes: 1-C\u00edtrico 2-Especiado 3-Floral 4-Herb\u00e1ceo 5-Terroso 6-Frutal<\/p>\n<p>Las Notas son los bot\u00e1nicos utilizados. Ej: Piel de pomelo, An\u00eds Estrellado, Cal\u00e9ndula etc.<\/p>\n<p><b>DESTILACI\u00d3N<\/b><\/p>\n<p>Una vez realizada la receta con el porcentaje de acordes y notas deseadas se vuelca la mezcla en un alambique de cobre donde se procede a la destilaci\u00f3n separando las partes deseadas de las que no. El licor obtenido en esta destilaci\u00f3n es incoloro y tiene una graduaci\u00f3n AlC de 70%. Luego se procede a diluir con caramelo tomando un color \u00e1mbar y bajando su graduaci\u00f3n ALC a 36%.<\/p>\n<p><span style=\"color: #99cc00;\"><i>\u00ab <\/i><i>De <\/i><i>esta forma el resultado final es una POCION INNOVADORA Y COMPLEJA QUE ALIVIA, PERO NO CURA, LOS SINTOMAS DE LA LICANTROPIA (transformaci\u00f3n de una persona en lobo) <\/i><i>\u00bb<\/i><\/span><\/p>\n","protected":false},"excerpt":{"rendered":"<p>ELABORACI\u00d3N El proceso de elaboraci\u00f3n de esta poci\u00f3n matalobos es en extremo compleja y su receta contiene m\u00e1s de 30 bot\u00e1nicos. MACERACI\u00d3N Se realizaron maceraciones en alcohol de cereal por separado y se formaron 6 acordes con un promedio de 5 notas cada uno. Los acordes son grupos de bot\u00e1nicos con perfiles similares. Acordes: 1-C\u00edtrico [&hellip;]<\/p>\n","protected":false},"featured_media":633,"template":"","meta":{"_joinchat":[]},"product_brand":[],"product_cat":[53],"product_tag":[],"class_list":{"0":"post-632","1":"product","2":"type-product","3":"status-publish","4":"has-post-thumbnail","6":"product_cat-licor","8":"first","9":"outofstock","10":"taxable","11":"shipping-taxable","12":"purchasable","13":"product-type-simple"},"_links":{"self":[{"href":"https:\/\/spiritsofchile.cl\/spofch\/wp-json\/wp\/v2\/product\/632","targetHints":{"allow":["GET"]}}],"collection":[{"href":"https:\/\/spiritsofchile.cl\/spofch\/wp-json\/wp\/v2\/product"}],"about":[{"href":"https:\/\/spiritsofchile.cl\/spofch\/wp-json\/wp\/v2\/types\/product"}],"wp:featuredmedia":[{"embeddable":true,"href":"https:\/\/spiritsofchile.cl\/spofch\/wp-json\/wp\/v2\/media\/633"}],"wp:attachment":[{"href":"https:\/\/spiritsofchile.cl\/spofch\/wp-json\/wp\/v2\/media?parent=632"}],"wp:term":[{"taxonomy":"product_brand","embeddable":true,"href":"https:\/\/spiritsofchile.cl\/spofch\/wp-json\/wp\/v2\/product_brand?post=632"},{"taxonomy":"product_cat","embeddable":true,"href":"https:\/\/spiritsofchile.cl\/spofch\/wp-json\/wp\/v2\/product_cat?post=632"},{"taxonomy":"product_tag","embeddable":true,"href":"https:\/\/spiritsofchile.cl\/spofch\/wp-json\/wp\/v2\/product_tag?post=632"}],"curies":[{"name":"wp","href":"https:\/\/api.w.org\/{rel}","templated":true}]}}